{"id":19,"date":"2017-10-26T15:57:02","date_gmt":"2017-10-26T19:57:02","guid":{"rendered":"https:\/\/the-laurent-lab.com\/?page_id=19"},"modified":"2025-07-24T13:01:00","modified_gmt":"2025-07-24T17:01:00","slug":"join-us","status":"publish","type":"page","link":"https:\/\/the-laurent-lab.com\/fr\/join-us\/","title":{"rendered":"Join Us"},"content":{"rendered":"\n\n\t\t\t\t<img decoding=\"async\" src=\"https:\/\/the-laurent-lab.com\/wp-content\/uploads\/2025\/07\/qtq80-2SELf2.jpeg\" alt=\"qtq80-2SELf2\" itemprop=\"image\" height=\"1440\" width=\"2160\" title=\"qtq80-2SELf2\" onerror=\"this.style.display='none'\" loading='lazy' \/>\n\t<p>Our team consists of scientists with experience in diverse research backgrounds. The Laurent lab offers the perfect multi-disciplinary environment to push the boundaries of your scientific creativity.<\/p>\n<p>Highly motivated and enthusiastic students interested in joining our lab are encouraged to contact Dr. Benoit Laurent by email. The lab is always looking for talented and driven post-doctoral fellows with interest and experience in biochemistry, cellular &amp; molecular biology, stem cell biology, neurosciences, bioengineering, epigenetics, RNA biology, aging, and related fields. To apply, prospective candidates should email the following to Dr. Benoit Laurent:<\/p>\n<ul>\n<li>a cover letter describing research interests and motivation for joining our lab<\/li>\n<li>a CV with a list of publications and contact information of two or three referees<\/li>\n<\/ul>\n\t<p><strong>CONTACT INFORMATION<\/strong><\/p>\nProf. Benoit LAURENT<br \/>\nUniversit\u00e9 de Sherbrooke (UDS)<br \/>\nFacult\u00e9 de M\u00e9decine et des Sciences de la Sant\u00e9 (FMSS)<br \/>\nPavillon de Sant\u00e9 de Pr\u00e9cision et de Recherche Translationnelle (PSPRT)<br \/>\n3001 12eme Avenue Nord | Bureau Z10-3055<br \/>\nSherbrooke, Qu\u00e9bec J1H5H4 (Canada)\n<p>benoit.laurent[at]usherbrooke.ca\u00a0<\/p>\nTel : (819) 821-8000 \u00a0<br \/>\nBenoit L. | ext 72193 | Office Z10-3055<br \/>\nStudents | ext 70836 | Office Z10-3020<br \/>\n\u00a0 \u00a0 \u00a0 \u00a0 \u00a0 \u00a0 \u00a0 \u00a0 \u00a0 \u00a0\u00a0 | ext 72181 | Lab Z10-3018\n\t\t\t\t<img decoding=\"async\" src=\"https:\/\/the-laurent-lab.com\/wp-content\/uploads\/2024\/12\/PSPRT-2.jpg\" alt=\"PSPRT 2\" itemprop=\"image\" height=\"720\" width=\"1300\" title=\"PSPRT 2\" onerror=\"this.style.display='none'\" loading='lazy' \/>\n\n","protected":false},"excerpt":{"rendered":"<p>Our team consists of scientists with experience in diverse research backgrounds. The Laurent lab offers the perfect multi-disciplinary environment to push the boundaries of your scientific creativity. Highly motivated and enthusiastic students interested in joining our lab are encouraged to contact Dr. Benoit Laurent by&nbsp;<a class=\"read-more\" href=\"https:\/\/the-laurent-lab.com\/fr\/join-us\/\">&hellip;<\/a><\/p>\n","protected":false},"author":1,"featured_media":0,"parent":0,"menu_order":0,"comment_status":"closed","ping_status":"closed","template":"","meta":{"footnotes":""},"class_list":["post-19","page","type-page","status-publish","hentry"],"translation":{"provider":"WPGlobus","version":"3.0.2","language":"fr","enabled_languages":["en","fr"],"languages":{"en":{"title":true,"content":true,"excerpt":false},"fr":{"title":false,"content":false,"excerpt":false}}},"_links":{"self":[{"href":"https:\/\/the-laurent-lab.com\/fr\/wp-json\/wp\/v2\/pages\/19","targetHints":{"allow":["GET"]}}],"collection":[{"href":"https:\/\/the-laurent-lab.com\/fr\/wp-json\/wp\/v2\/pages"}],"about":[{"href":"https:\/\/the-laurent-lab.com\/fr\/wp-json\/wp\/v2\/types\/page"}],"author":[{"embeddable":true,"href":"https:\/\/the-laurent-lab.com\/fr\/wp-json\/wp\/v2\/users\/1"}],"replies":[{"embeddable":true,"href":"https:\/\/the-laurent-lab.com\/fr\/wp-json\/wp\/v2\/comments?post=19"}],"version-history":[{"count":18,"href":"https:\/\/the-laurent-lab.com\/fr\/wp-json\/wp\/v2\/pages\/19\/revisions"}],"predecessor-version":[{"id":3992,"href":"https:\/\/the-laurent-lab.com\/fr\/wp-json\/wp\/v2\/pages\/19\/revisions\/3992"}],"wp:attachment":[{"href":"https:\/\/the-laurent-lab.com\/fr\/wp-json\/wp\/v2\/media?parent=19"}],"curies":[{"name":"wp","href":"https:\/\/api.w.org\/{rel}","templated":true}]}}