{"id":4062,"date":"2025-07-25T10:04:50","date_gmt":"2025-07-25T14:04:50","guid":{"rendered":"https:\/\/the-laurent-lab.com\/?page_id=4062"},"modified":"2025-07-25T10:19:06","modified_gmt":"2025-07-25T14:19:06","slug":"research-copy-copy","status":"publish","type":"page","link":"https:\/\/the-laurent-lab.com\/fr\/research-copy-copy\/","title":{"rendered":"Nos valeurs"},"content":{"rendered":"\n\n\t<h1>\u00c9QUIT\u00c9, DIVERSIT\u00c9, & INCLUSION<\/h1>\n<h5>La diversit\u00e9 est un fait, l\u2019inclusion est un acte<\/h5>\n\t\t\t\t<img decoding=\"async\" src=\"https:\/\/the-laurent-lab.com\/wp-content\/uploads\/2025\/07\/EDI3.jpg\" alt=\"EDI3\" itemprop=\"image\" height=\"360\" width=\"504\" title=\"EDI3\" onerror=\"this.style.display='none'\" loading='lazy' \/>\n\t<p>Notre laboratoire s\u2019engage \u00e0 offrir un environnement s\u00fbr, inclusif et respectueux pour les chercheurs et chercheuses de tous horizons. Nous valorisons l\u2019expression libre et encourageons le partage d\u2019id\u00e9es, de points de vue et d\u2019opinions diverses. Notre \u00e9quipe est convaincue qu\u2019un cadre de travail solidaire et diversifi\u00e9 \u00e9largit non seulement notre compr\u00e9hension de d\u00e9fis complexes, mais renforce aussi notre capacit\u00e9 \u00e0 d\u00e9velopper des solutions innovantes et porteuses d\u2019impact.<\/p>\n\t<h1>M\u00c9DIATION SCIENTIFIQUE<\/h1>\n<h5>Transformer le savoir en inspiration<\/h5>\n\t\t\t\t<img decoding=\"async\" src=\"https:\/\/the-laurent-lab.com\/wp-content\/uploads\/2025\/07\/Outreach-2.jpeg\" alt=\"Curious students conducting scientific experiment, examining liquid in beaker in laboratory classroom\" itemprop=\"image\" height=\"454\" width=\"872\" title=\"Curious students conducting scientific experiment, examining liquid in beaker in laboratory classroom\" onerror=\"this.style.display='none'\" loading='lazy' \/>\n\t<p>La m\u00e9diation scientifique est une part essentielle de notre mission visant \u00e0 rapprocher la recherche de la soci\u00e9t\u00e9 et \u00e0 encourager une culture de curiosit\u00e9, d\u2019apprentissage et de confiance envers la science. Notre but est de rendre notre science accessible, et porteuse de sens au-del\u00e0 du laboratoire, en partageant nos d\u00e9couvertes avec des gens de tous \u00e2ges et horizons. Notre objectif est d\u2019inspirer la prochaine g\u00e9n\u00e9ration de scientifiques tout en suscitant l\u2019int\u00e9r\u00eat du public pour le vieillissement et les maladies qui y sont li\u00e9es.<\/p>\n\t<h1>\u00c9CO-RESPONSABILIT\u00c9<\/h1>\n<h5>Penser durable, agir responsable<\/h5>\n\t\t\t\t<img decoding=\"async\" src=\"https:\/\/the-laurent-lab.com\/wp-content\/uploads\/2025\/07\/eco-1.png\" alt=\"eco\" itemprop=\"image\" height=\"211\" width=\"300\" title=\"eco\" onerror=\"this.style.display='none'\" loading='lazy' \/>\n\t<p>Faire progresser la science ne doit jamais se faire au d\u00e9triment de notre plan\u00e8te. Nous reconnaissons notre responsabilit\u00e9 de contribuer au progr\u00e8s scientifique, mais aussi \u00e0 la durabilit\u00e9 environnementale. Par une utilisation raisonn\u00e9e des ressources, la r\u00e9duction des d\u00e9chets et des pratiques de laboratoire durables, notre but est de minimiser notre empreinte \u00e9cologique et de donner l\u2019exemple d\u2019une innovation responsable tout en inspirant une nouvelle g\u00e9n\u00e9ration de scientifiques \u00e0 agir avec int\u00e9grit\u00e9, conscience et respect.<\/p>\n\n","protected":false},"excerpt":{"rendered":"<p>\u00c9QUIT\u00c9, DIVERSIT\u00c9, &#038; INCLUSION La diversit\u00e9 est un fait, l\u2019inclusion est un acte Notre laboratoire s\u2019engage \u00e0 offrir un environnement s\u00fbr, inclusif et respectueux pour les chercheurs et chercheuses de tous horizons. Nous valorisons l\u2019expression libre et encourageons le partage d\u2019id\u00e9es, de points de vue&nbsp;<a class=\"read-more\" href=\"https:\/\/the-laurent-lab.com\/fr\/research-copy-copy\/\">&hellip;<\/a><\/p>\n","protected":false},"author":1,"featured_media":0,"parent":0,"menu_order":0,"comment_status":"closed","ping_status":"closed","template":"","meta":{"footnotes":""},"class_list":["post-4062","page","type-page","status-publish","hentry"],"translation":{"provider":"WPGlobus","version":"3.0.2","language":"fr","enabled_languages":["en","fr"],"languages":{"en":{"title":true,"content":true,"excerpt":false},"fr":{"title":false,"content":false,"excerpt":false}}},"_links":{"self":[{"href":"https:\/\/the-laurent-lab.com\/fr\/wp-json\/wp\/v2\/pages\/4062","targetHints":{"allow":["GET"]}}],"collection":[{"href":"https:\/\/the-laurent-lab.com\/fr\/wp-json\/wp\/v2\/pages"}],"about":[{"href":"https:\/\/the-laurent-lab.com\/fr\/wp-json\/wp\/v2\/types\/page"}],"author":[{"embeddable":true,"href":"https:\/\/the-laurent-lab.com\/fr\/wp-json\/wp\/v2\/users\/1"}],"replies":[{"embeddable":true,"href":"https:\/\/the-laurent-lab.com\/fr\/wp-json\/wp\/v2\/comments?post=4062"}],"version-history":[{"count":4,"href":"https:\/\/the-laurent-lab.com\/fr\/wp-json\/wp\/v2\/pages\/4062\/revisions"}],"predecessor-version":[{"id":4071,"href":"https:\/\/the-laurent-lab.com\/fr\/wp-json\/wp\/v2\/pages\/4062\/revisions\/4071"}],"wp:attachment":[{"href":"https:\/\/the-laurent-lab.com\/fr\/wp-json\/wp\/v2\/media?parent=4062"}],"curies":[{"name":"wp","href":"https:\/\/api.w.org\/{rel}","templated":true}]}}